{"id":8385,"date":"2023-10-31T12:57:17","date_gmt":"2023-10-31T11:57:17","guid":{"rendered":"https:\/\/gsbelts.com\/fia-seat-r7\/"},"modified":"2026-04-28T12:09:27","modified_gmt":"2026-04-28T10:09:27","slug":"baquet-fia-r7-gsb","status":"publish","type":"product","link":"https:\/\/gsbelts.com\/es\/baquet-fia-r7-gsb\/","title":{"rendered":"BAQUET FIA R7 GSB"},"content":{"rendered":"<ul>\n<li>Nuevo y revolucionario asiento de carreras, fabricado en fibra de vidrio mediante un novedoso proceso de moldeo \u00fanico en el mercado del automovilismo.<\/li>\n<li>100% fabricado en Espa\u00f1a, sometido a estrictos controles de calidad.<\/li>\n<li>Fabricado con fibra de vidrio y resinas de \u00faltima generaci\u00f3n, la carcasa del asiento tiene un peso sorprendente de tan solo 5,5 kg.<\/li>\n<li>Peso total con funda y utillaje: 6,8 kg (peso homologado por la FIA: 5,5 kg).<\/li>\n<li>La protecci\u00f3n para la cabeza, fina y elegante, ofrece una mejor visi\u00f3n lateral y una seguridad \u00f3ptima.<\/li>\n<li>Cinco ranuras para el arn\u00e9s m\u00e1s anchas, especialmente dise\u00f1adas para mejorar la comodidad con sistemas HANS.<\/li>\n<li>Homologado por la FIA 8855-1999 con el n.\u00ba CS.336.16, es el asiento de fibra de vidrio m\u00e1s ligero jam\u00e1s homologado con esta norma.<\/li>\n<li>Homologado durante 5 a\u00f1os, ampliable a 7.<\/li>\n<li>Gracias a este innovador proceso de fabricaci\u00f3n, hemos conseguido una carcasa tan r\u00edgida como los asientos de carbono o Kevlar de gama alta, e incluso m\u00e1s r\u00edgida en algunos casos. Nuevo acabado en gel coat blanco, tambi\u00e9n disponible en negro o rojo est\u00e1ndar.<\/li>\n<li>Cojines de respaldo y asiento extra\u00edbles, fabricados con espuma de alta calidad que ofrece una comodidad \u00f3ptima y ayuda a prevenir lesiones de espalda.<\/li>\n<li>Las fundas del asiento est\u00e1n fabricadas con tejido ign\u00edfugo, homologado para fabricantes de equipos originales (OEM) seg\u00fan las normas europeas, color antracita.<\/li>\n<li>Se entrega con tornillos Allen 8&#215;150.<\/li>\n<\/ul>\n<p>Disfrute ahora de un asiento de competici\u00f3n tan ligero y r\u00edgido como los de carbono, pero al precio de uno de fibra de vidrio.<\/p>\n<p><strong>Personalizaci\u00f3n:<\/strong> Para opciones personalizadas o configuraciones especiales, cont\u00e1ctenos directamente en info@gsbelts.com.<\/p>\n<p><a href=\"https:\/\/gsbelts.com\/wp-content\/uploads\/2025\/10\/Mides-R7-2023-GSB.webp\"><img decoding=\"async\" class=\"lazyload aligncenter size-full wp-image-8135\" src=\"https:\/\/gsbelts.com\/wp-content\/uploads\/2025\/10\/Mides-R7-2023-GSB.webp\" data-orig-src=\"https:\/\/gsbelts.com\/wp-content\/uploads\/2025\/10\/Mides-R7-2023-GSB.webp\" alt=\"\" width=\"1200\" height=\"500\" title=\"\" srcset=\"data:image\/svg+xml,%3Csvg%20xmlns%3D%27http%3A%2F%2Fwww.w3.org%2F2000%2Fsvg%27%20width%3D%271200%27%20height%3D%27500%27%20viewBox%3D%270%200%201200%20500%27%3E%3Crect%20width%3D%271200%27%20height%3D%27500%27%20fill-opacity%3D%220%22%2F%3E%3C%2Fsvg%3E\" data-srcset=\"https:\/\/gsbelts.com\/wp-content\/uploads\/2025\/10\/Mides-R7-2023-GSB-200x83.webp 200w, https:\/\/gsbelts.com\/wp-content\/uploads\/2025\/10\/Mides-R7-2023-GSB-300x125.webp 300w, https:\/\/gsbelts.com\/wp-content\/uploads\/2025\/10\/Mides-R7-2023-GSB-400x167.webp 400w, https:\/\/gsbelts.com\/wp-content\/uploads\/2025\/10\/Mides-R7-2023-GSB-500x208.webp 500w, https:\/\/gsbelts.com\/wp-content\/uploads\/2025\/10\/Mides-R7-2023-GSB-600x250.webp 600w, https:\/\/gsbelts.com\/wp-content\/uploads\/2025\/10\/Mides-R7-2023-GSB-700x292.webp 700w, https:\/\/gsbelts.com\/wp-content\/uploads\/2025\/10\/Mides-R7-2023-GSB-768x320.webp 768w, https:\/\/gsbelts.com\/wp-content\/uploads\/2025\/10\/Mides-R7-2023-GSB-800x333.webp 800w, https:\/\/gsbelts.com\/wp-content\/uploads\/2025\/10\/Mides-R7-2023-GSB-1024x427.webp 1024w, https:\/\/gsbelts.com\/wp-content\/uploads\/2025\/10\/Mides-R7-2023-GSB.webp 1200w\" data-sizes=\"auto\" data-orig-sizes=\"(max-width: 1200px) 100vw, 1200px\" \/><\/a><\/p>\n","protected":false},"excerpt":{"rendered":"<p data-start=\"73\" data-end=\"632\">Experimenta el futuro de las carreras con este revolucionario asiento FIA de fibra de vidrio, desarrollado en colaboraci\u00f3n con <strong>GP RACE<\/strong>. Fabricado \u00edntegramente en Espa\u00f1a mediante un proceso de moldeo exclusivo, combina una resistencia ultraligera con la m\u00e1xima seguridad. La carcasa pesa tan solo <strong>5,5 kg<\/strong>, con un peso total de apenas <strong>6,8 kg<\/strong>, ofreciendo un rendimiento excepcional incluso en las condiciones m\u00e1s exigentes. Con un elegante acabado en gelcoat blanco y tapizado en tejido ign\u00edfugo negro de primera calidad, establece un nuevo referente en asientos para competici\u00f3n profesional.<\/p>\n<p data-start=\"634\" data-end=\"887\"><a href=\"https:\/\/gsbelts.com\/wp-content\/uploads\/2025\/10\/Fia-logo-Pro-Circuit.webp\"><img decoding=\"async\" class=\"size-full wp-image-8153 alignleft\" src=\"https:\/\/gsbelts.com\/wp-content\/uploads\/2025\/10\/Fia-logo-Pro-Circuit.webp\" alt=\"\" width=\"250\" height=\"97\" srcset=\"https:\/\/gsbelts.com\/wp-content\/uploads\/2025\/10\/Fia-logo-Pro-Circuit-200x78.webp 200w, https:\/\/gsbelts.com\/wp-content\/uploads\/2025\/10\/Fia-logo-Pro-Circuit.webp 250w\" sizes=\"(max-width: 250px) 100vw, 250px\" \/><\/a><\/p>\n","protected":false},"featured_media":8245,"comment_status":"open","ping_status":"closed","template":"","meta":[],"product_brand":[159],"product_cat":[283,284],"product_tag":[111,250],"class_list":{"0":"post-8385","1":"product","2":"type-product","3":"status-publish","4":"has-post-thumbnail","6":"product_brand-gp-race","7":"product_cat-baquets-cat","8":"product_cat-baquets-fia-cat","9":"product_tag-fia","10":"product_tag-seat","12":"first","13":"instock","14":"taxable","15":"shipping-taxable","16":"purchasable","17":"product-type-simple"},"_links":{"self":[{"href":"https:\/\/gsbelts.com\/es\/wp-json\/wp\/v2\/product\/8385","targetHints":{"allow":["GET"]}}],"collection":[{"href":"https:\/\/gsbelts.com\/es\/wp-json\/wp\/v2\/product"}],"about":[{"href":"https:\/\/gsbelts.com\/es\/wp-json\/wp\/v2\/types\/product"}],"replies":[{"embeddable":true,"href":"https:\/\/gsbelts.com\/es\/wp-json\/wp\/v2\/comments?post=8385"}],"wp:featuredmedia":[{"embeddable":true,"href":"https:\/\/gsbelts.com\/es\/wp-json\/wp\/v2\/media\/8245"}],"wp:attachment":[{"href":"https:\/\/gsbelts.com\/es\/wp-json\/wp\/v2\/media?parent=8385"}],"wp:term":[{"taxonomy":"product_brand","embeddable":true,"href":"https:\/\/gsbelts.com\/es\/wp-json\/wp\/v2\/product_brand?post=8385"},{"taxonomy":"product_cat","embeddable":true,"href":"https:\/\/gsbelts.com\/es\/wp-json\/wp\/v2\/product_cat?post=8385"},{"taxonomy":"product_tag","embeddable":true,"href":"https:\/\/gsbelts.com\/es\/wp-json\/wp\/v2\/product_tag?post=8385"}],"curies":[{"name":"wp","href":"https:\/\/api.w.org\/{rel}","templated":true}]}}