{"id":5909,"date":"2025-04-30T11:04:18","date_gmt":"2025-04-30T09:04:18","guid":{"rendered":"https:\/\/gsbelts.com\/?post_type=product&#038;p=5909"},"modified":"2025-08-28T10:23:50","modified_gmt":"2025-08-28T08:23:50","slug":"paquete-baquet-arnes-simracing","status":"publish","type":"product","link":"https:\/\/gsbelts.com\/es\/paquete-baquet-arnes-simracing\/","title":{"rendered":"PAQUETE BAQUET + ARN\u00c9S SIMRACING"},"content":{"rendered":"<p>Este exclusivo paquete combina nuestro ligero <strong>BAQUET SIMRACING A5 COLOR NEGRO CON EL LOGOTIPO GSB<\/strong>, inspirado en asientos profesionales, con el <strong>ARN\u00c9S SIMRACING 50A0.530.AG (LENG\u00dcETA AJUSTABLE) COLOR AZUL<\/strong> de alto rendimiento, dise\u00f1ado para pilotos de simracing que buscan control y comodidad.<\/p>\n<p>Tanto si est\u00e1s mejorando tu configuraci\u00f3n de simracing como si est\u00e1s perfeccionando tu veh\u00edculo todoterreno, este conjunto garantiza un <strong>ajuste seguro, peso reducido y una seguridad absoluta.<\/strong><\/p>\n<p><strong>Incluye:<\/strong><br \/>\n1 \u00d7 Baquet SimRacing A5<br \/>\n1 \u00d7 Arn\u00e9s SimRacing 530.AG<\/p>\n","protected":false},"excerpt":{"rendered":"<p>Este exclusivo paquete combina nuestro ligero BAQUET SIMRACING A5 COLOR [&#8230;]<\/p>\n","protected":false},"featured_media":5908,"comment_status":"open","ping_status":"closed","template":"","meta":[],"product_brand":[159],"product_cat":[134,188],"product_tag":[143,247,246,139],"class_list":{"0":"post-5909","1":"product","2":"type-product","3":"status-publish","4":"has-post-thumbnail","6":"product_brand-gp-race","7":"product_cat-arneses-simracing-cat","8":"product_cat-baquets-simracing-cat","9":"product_tag-arnes","10":"product_tag-bucket","11":"product_tag-bundle","12":"product_tag-simracing","14":"first","15":"instock","16":"sale","17":"taxable","18":"shipping-taxable","19":"purchasable","20":"product-type-simple"},"_links":{"self":[{"href":"https:\/\/gsbelts.com\/es\/wp-json\/wp\/v2\/product\/5909","targetHints":{"allow":["GET"]}}],"collection":[{"href":"https:\/\/gsbelts.com\/es\/wp-json\/wp\/v2\/product"}],"about":[{"href":"https:\/\/gsbelts.com\/es\/wp-json\/wp\/v2\/types\/product"}],"replies":[{"embeddable":true,"href":"https:\/\/gsbelts.com\/es\/wp-json\/wp\/v2\/comments?post=5909"}],"wp:featuredmedia":[{"embeddable":true,"href":"https:\/\/gsbelts.com\/es\/wp-json\/wp\/v2\/media\/5908"}],"wp:attachment":[{"href":"https:\/\/gsbelts.com\/es\/wp-json\/wp\/v2\/media?parent=5909"}],"wp:term":[{"taxonomy":"product_brand","embeddable":true,"href":"https:\/\/gsbelts.com\/es\/wp-json\/wp\/v2\/product_brand?post=5909"},{"taxonomy":"product_cat","embeddable":true,"href":"https:\/\/gsbelts.com\/es\/wp-json\/wp\/v2\/product_cat?post=5909"},{"taxonomy":"product_tag","embeddable":true,"href":"https:\/\/gsbelts.com\/es\/wp-json\/wp\/v2\/product_tag?post=5909"}],"curies":[{"name":"wp","href":"https:\/\/api.w.org\/{rel}","templated":true}]}}