{"id":4415,"date":"2024-05-12T11:20:11","date_gmt":"2024-05-12T09:20:11","guid":{"rendered":"https:\/\/gsbelts.com\/g1-racing-harness\/"},"modified":"2026-04-22T09:19:06","modified_gmt":"2026-04-22T07:19:06","slug":"arnes-carreras-g1-gsb","status":"publish","type":"product","link":"https:\/\/gsbelts.com\/es\/arnes-carreras-g1-gsb\/","title":{"rendered":"ARN\u00c9S CARRERAS G1 GSB"},"content":{"rendered":"<p>Arneses de competici\u00f3n con correas de poli\u00e9ster de 3&#8243; para los hombros; correas de poli\u00e9ster de 3&#8243; para el regazo; correa(s) de entrepierna opcional(es).<\/p>\n<p>Caracter\u00edsticas:<\/p>\n<ul>\n<li>Hebilla con palanca giratoria<\/li>\n<li>Opci\u00f3n de ajustadores<\/li>\n<li>Opci\u00f3n de soportes de anclaje para montaje con pernos o clips para liberaci\u00f3n r\u00e1pida de los pernos de ojo.<\/li>\n<\/ul>\n<p>Los arneses de competici\u00f3n se pueden personalizar para satisfacer diferentes necesidades.<\/p>\n","protected":false},"excerpt":{"rendered":"<p>El arn\u00e9s carreras G1 de 4 o 5 puntos tiene cinturones de hombro est\u00e1ticos de 3\u2033 y cinturones de regazo, y opciones de correas de entrepierna opcionales. Todos los arneses de competici\u00f3n de GSB utilizan nuestra exclusiva hebilla met\u00e1lica con leva de liberaci\u00f3n multipunto. El montaje se realiza con clips negros para un montaje y liberaci\u00f3n r\u00e1pidos de los pernos de ojo (los pernos de ojo no est\u00e1n incluidos).<\/p>\n<p>Las opciones de color de las correas son negro, azul y rojo.<\/p>\n","protected":false},"featured_media":3147,"comment_status":"closed","ping_status":"closed","template":"","meta":[],"product_brand":[],"product_cat":[133,281],"product_tag":[143,239],"class_list":{"0":"post-4415","1":"product","2":"type-product","3":"status-publish","4":"has-post-thumbnail","6":"product_cat-arneses-carreras-cat","7":"product_cat-arneses-seguridad-cat","8":"product_tag-arnes","9":"product_tag-carreras","10":"pa_color-cinta-azul","11":"pa_color-cinta-negro","12":"pa_color-cinta-rojo","13":"pa_tipo-ajustador-ajustador-metalico","14":"pa_tipo-ajustador-ajustador-metalico-negro","15":"pa_tipo-de-diseno-de-arnes-arnes-4-puntos","16":"pa_webbing-color-black","17":"pa_webbing-color-blue","18":"pa_webbing-color-red","20":"first","21":"instock","22":"taxable","23":"shipping-taxable","24":"purchasable","25":"product-type-variable","26":"has-default-attributes"},"_links":{"self":[{"href":"https:\/\/gsbelts.com\/es\/wp-json\/wp\/v2\/product\/4415","targetHints":{"allow":["GET"]}}],"collection":[{"href":"https:\/\/gsbelts.com\/es\/wp-json\/wp\/v2\/product"}],"about":[{"href":"https:\/\/gsbelts.com\/es\/wp-json\/wp\/v2\/types\/product"}],"replies":[{"embeddable":true,"href":"https:\/\/gsbelts.com\/es\/wp-json\/wp\/v2\/comments?post=4415"}],"wp:featuredmedia":[{"embeddable":true,"href":"https:\/\/gsbelts.com\/es\/wp-json\/wp\/v2\/media\/3147"}],"wp:attachment":[{"href":"https:\/\/gsbelts.com\/es\/wp-json\/wp\/v2\/media?parent=4415"}],"wp:term":[{"taxonomy":"product_brand","embeddable":true,"href":"https:\/\/gsbelts.com\/es\/wp-json\/wp\/v2\/product_brand?post=4415"},{"taxonomy":"product_cat","embeddable":true,"href":"https:\/\/gsbelts.com\/es\/wp-json\/wp\/v2\/product_cat?post=4415"},{"taxonomy":"product_tag","embeddable":true,"href":"https:\/\/gsbelts.com\/es\/wp-json\/wp\/v2\/product_tag?post=4415"}],"curies":[{"name":"wp","href":"https:\/\/api.w.org\/{rel}","templated":true}]}}