{"id":4406,"date":"2024-05-12T11:26:40","date_gmt":"2024-05-12T09:26:40","guid":{"rendered":"https:\/\/gsbelts.com\/g2-racing-harness\/"},"modified":"2026-04-22T09:19:17","modified_gmt":"2026-04-22T07:19:17","slug":"arnes-carreras-g2-gsb","status":"publish","type":"product","link":"https:\/\/gsbelts.com\/es\/arnes-carreras-g2-gsb\/","title":{"rendered":"ARN\u00c9S CARRERAS G2 GSB"},"content":{"rendered":"<p>Arneses de competici\u00f3n con correas de poli\u00e9ster de 3&#8243; para los hombros; correas de poli\u00e9ster de 2&#8243; para el regazo; correa(s) de entrepierna opcional(es).<\/p>\n<p>Caracter\u00edsticas:<\/p>\n<ul>\n<li>Hebilla con palanca giratoria<\/li>\n<li>Opci\u00f3n de ajustadores<\/li>\n<li>Opci\u00f3n de soportes de anclaje para montaje con pernos o clips para liberaci\u00f3n r\u00e1pida de los pernos de ojo.<\/li>\n<\/ul>\n<p>Los arneses de competici\u00f3n se pueden personalizar para satisfacer diferentes necesidades.<\/p>\n","protected":false},"excerpt":{"rendered":"<p>El arn\u00e9s carreras G2 tiene cinturones de hombro est\u00e1ticos de 3\u2033, cinturones de regazo de 2\u2033 para una sensaci\u00f3n m\u00e1s liviana y opciones de correas de entrepierna opcionales. Todos los arneses de carreras GSB utilizan nuestra exclusiva hebilla met\u00e1lica con leva de liberaci\u00f3n multipunto. Los puntos de anclaje tienen clips de metal negro para c\u00e1ncamos (c\u00e1ncamos no incluidos).<\/p>\n<div class=\"fusion-woo-short-description-tb fusion-woo-short-description-tb-1\">\n<div class=\"woocommerce-product-details__short-description\">\n<p>&nbsp;<\/p>\n<\/div>\n<\/div>\n<div class=\"fusion-woo-cart fusion-woo-cart-1\" data-type=\"variable\" data-layout=\"floated\"><\/div>\n","protected":false},"featured_media":3153,"comment_status":"closed","ping_status":"closed","template":"","meta":[],"product_brand":[],"product_cat":[133,281],"product_tag":[143,239],"class_list":{"0":"post-4406","1":"product","2":"type-product","3":"status-publish","4":"has-post-thumbnail","6":"product_cat-arneses-carreras-cat","7":"product_cat-arneses-seguridad-cat","8":"product_tag-arnes","9":"product_tag-carreras","10":"pa_color-cinta-azul","11":"pa_color-cinta-negro","12":"pa_color-cinta-rojo","13":"pa_tipo-ajustador-ajustador-metalico","14":"pa_tipo-ajustador-ajustador-metalico-negro","15":"pa_tipo-de-diseno-de-arnes-arnes-4-puntos","16":"pa_webbing-color-black-es","17":"pa_webbing-color-blue-es","18":"pa_webbing-color-red-es","20":"first","21":"instock","22":"taxable","23":"shipping-taxable","24":"purchasable","25":"product-type-variable","26":"has-default-attributes"},"_links":{"self":[{"href":"https:\/\/gsbelts.com\/es\/wp-json\/wp\/v2\/product\/4406","targetHints":{"allow":["GET"]}}],"collection":[{"href":"https:\/\/gsbelts.com\/es\/wp-json\/wp\/v2\/product"}],"about":[{"href":"https:\/\/gsbelts.com\/es\/wp-json\/wp\/v2\/types\/product"}],"replies":[{"embeddable":true,"href":"https:\/\/gsbelts.com\/es\/wp-json\/wp\/v2\/comments?post=4406"}],"wp:featuredmedia":[{"embeddable":true,"href":"https:\/\/gsbelts.com\/es\/wp-json\/wp\/v2\/media\/3153"}],"wp:attachment":[{"href":"https:\/\/gsbelts.com\/es\/wp-json\/wp\/v2\/media?parent=4406"}],"wp:term":[{"taxonomy":"product_brand","embeddable":true,"href":"https:\/\/gsbelts.com\/es\/wp-json\/wp\/v2\/product_brand?post=4406"},{"taxonomy":"product_cat","embeddable":true,"href":"https:\/\/gsbelts.com\/es\/wp-json\/wp\/v2\/product_cat?post=4406"},{"taxonomy":"product_tag","embeddable":true,"href":"https:\/\/gsbelts.com\/es\/wp-json\/wp\/v2\/product_tag?post=4406"}],"curies":[{"name":"wp","href":"https:\/\/api.w.org\/{rel}","templated":true}]}}