{"id":4388,"date":"2024-05-19T10:11:14","date_gmt":"2024-05-19T08:11:14","guid":{"rendered":"https:\/\/gsbelts.com\/h3-harness\/"},"modified":"2026-04-22T09:21:04","modified_gmt":"2026-04-22T07:21:04","slug":"arnes-industrial-h3-gsb","status":"publish","type":"product","link":"https:\/\/gsbelts.com\/es\/arnes-industrial-h3-gsb\/","title":{"rendered":"ARN\u00c9S INDUSTRIAL H3 GSB"},"content":{"rendered":"","protected":false},"excerpt":{"rendered":"<p>Los arneses industriales H3 de GSB utilizan una hebilla de nivel giratorio que permite una liberaci\u00f3n r\u00e1pida de los cinturones de hombro y de regazo en un solo movimiento r\u00e1pido. La forma de los arneses maximiza la comodidad para un uso prolongado en m\u00e1quinas resistentes. Este arn\u00e9s tiene cuatro puntos de anclaje y puede elegir soportes atornillados o clips para un montaje y liberaci\u00f3n r\u00e1pidos de los pernos de ojo. Los cinturones de hombro se pueden ajustar manualmente en longitud cerca del pecho, y la tensi\u00f3n\/longitud de los cinturones de regazo se ajustan manualmente cerca de la cintura. Estos arneses multipunto utilizan correas de poli\u00e9ster de 2\u2033 para cintur\u00f3n de seguridad.<\/p>\n<p>Las opciones de color de las correas son negro o colores de correas de alta visibilidad como naranja, ne\u00f3n, amarillo y rojo. Hay colores personalizados disponibles a pedido.<\/p>\n","protected":false},"featured_media":3223,"comment_status":"closed","ping_status":"closed","template":"","meta":[],"product_brand":[],"product_cat":[281,136],"product_tag":[143,244],"class_list":{"0":"post-4388","1":"product","2":"type-product","3":"status-publish","4":"has-post-thumbnail","6":"product_cat-arneses-seguridad-cat","7":"product_cat-arneses-industriales-cat","8":"product_tag-arnes","9":"product_tag-industrial","10":"pa_color-cinta-negro","11":"pa_color-cinta-rojo","12":"pa_tipo-anclaje-clips-negros-para-argolla","13":"pa_tipo-anclaje-soportes-de-anclaje-negros","14":"pa_webbing-color-black-es","15":"pa_webbing-color-red-es","17":"first","18":"instock","19":"taxable","20":"shipping-taxable","21":"purchasable","22":"product-type-variable","23":"has-default-attributes"},"_links":{"self":[{"href":"https:\/\/gsbelts.com\/es\/wp-json\/wp\/v2\/product\/4388","targetHints":{"allow":["GET"]}}],"collection":[{"href":"https:\/\/gsbelts.com\/es\/wp-json\/wp\/v2\/product"}],"about":[{"href":"https:\/\/gsbelts.com\/es\/wp-json\/wp\/v2\/types\/product"}],"replies":[{"embeddable":true,"href":"https:\/\/gsbelts.com\/es\/wp-json\/wp\/v2\/comments?post=4388"}],"wp:featuredmedia":[{"embeddable":true,"href":"https:\/\/gsbelts.com\/es\/wp-json\/wp\/v2\/media\/3223"}],"wp:attachment":[{"href":"https:\/\/gsbelts.com\/es\/wp-json\/wp\/v2\/media?parent=4388"}],"wp:term":[{"taxonomy":"product_brand","embeddable":true,"href":"https:\/\/gsbelts.com\/es\/wp-json\/wp\/v2\/product_brand?post=4388"},{"taxonomy":"product_cat","embeddable":true,"href":"https:\/\/gsbelts.com\/es\/wp-json\/wp\/v2\/product_cat?post=4388"},{"taxonomy":"product_tag","embeddable":true,"href":"https:\/\/gsbelts.com\/es\/wp-json\/wp\/v2\/product_tag?post=4388"}],"curies":[{"name":"wp","href":"https:\/\/api.w.org\/{rel}","templated":true}]}}