{"id":4328,"date":"2025-02-07T12:31:44","date_gmt":"2025-02-07T11:31:44","guid":{"rendered":"https:\/\/gsbelts.com\/street-racing-harness\/"},"modified":"2026-04-22T09:14:48","modified_gmt":"2026-04-22T07:14:48","slug":"arnes-street-racing-gsb","status":"publish","type":"product","link":"https:\/\/gsbelts.com\/es\/arnes-street-racing-gsb\/","title":{"rendered":"ARN\u00c9S STREET RACING GSB"},"content":{"rendered":"<p><strong>Especificaciones del producto:<\/strong><\/p>\n<p><strong>Categor\u00eda:<\/strong> Arn\u00e9s para \u00abStreet Racing\u00bb<\/p>\n<p><strong>Anclaje:<\/strong><\/p>\n<ul>\n<li>Sistema de anclaje de 4 puntos<\/li>\n<li>Opciones de montaje a presi\u00f3n o en jaula antivuelco<\/li>\n<\/ul>\n<p><strong>Caracter\u00edsticas:<\/strong><\/p>\n<ul>\n<li>Cintur\u00f3n de arn\u00e9s aut\u00e9ntico de 4 puntos dise\u00f1ado para experiencias de carreras inmersivas<\/li>\n<li>El ajuste desplegable tipo paraca\u00eddas garantiza un ajuste realista y ajustes f\u00e1ciles de usar<\/li>\n<li>El ancho est\u00e1ndar de la correa de 2 pulgadas brinda comodidad durante sesiones prolongadas<\/li>\n<li>Hebilla estilo cintur\u00f3n de seguridad normal para un funcionamiento y una comodidad familiares<\/li>\n<li>Ajustadores de aluminio negro de primera calidad para ajustes r\u00e1pidos y un ajuste seguro<\/li>\n<li>Instalaci\u00f3n vers\u00e1til: equipado con ganchos a presi\u00f3n u opciones de fijaci\u00f3n directa en jaula antivuelco (accesorios extra\u00edbles)<\/li>\n<\/ul>\n<p><strong>Aplicaciones recomendadas:<\/strong><\/p>\n<ul>\n<li>Street Racing<\/li>\n<li>Experiencias de deportes de motor virtuales<\/li>\n<\/ul>\n<p><strong>Tipo:<\/strong><\/p>\n<ul>\n<li>Cinturones de arn\u00e9s para simulaci\u00f3n de carreras<\/li>\n<\/ul>\n<p><strong>Personalizaci\u00f3n:<\/strong> Para opciones personalizadas y solicitudes especializadas, cont\u00e1ctenos en info@gsbelts.com.<\/p>\n","protected":false},"excerpt":{"rendered":"<p><strong>La l\u00ednea completa de arneses urbanos de alto rendimiento de GSB est\u00e1 dise\u00f1ada para pilotos de fin de semana y entusiastas del automovilismo que buscan seguridad y estilo.<\/strong> Fabricados con tela de primera calidad y cierres resistentes, cada arn\u00e9s est\u00e1 dise\u00f1ado para mantener al conductor sujeto de forma segura, a la vez que mejora la protecci\u00f3n y el control.<br \/>\nNuestro arn\u00e9s \u00abStreet Racing\u00bb de 3 puntos cuenta con correas de 5 cm de ancho que se atornillan directamente al chasis del veh\u00edculo para un ajuste firme y fiable. La hebilla central de liberaci\u00f3n r\u00e1pida garantiza una f\u00e1cil colocaci\u00f3n y extracci\u00f3n sin comprometer la durabilidad.<br \/>\nDisponible en negro, azul y rojo, este arn\u00e9s combina la experiencia de GSB en seguridad para el automovilismo con la facilidad de uso diario para el rendimiento urbano.<\/p>\n<p>Tiempo estimado de entrega: 1-2 d\u00edas laborables (Espa\u00f1a) \/ 3-5 d\u00edas laborables (internacional)<\/p>\n","protected":false},"featured_media":4334,"comment_status":"open","ping_status":"closed","template":"","meta":[],"product_brand":[],"product_cat":[281,252],"product_tag":[143,242],"class_list":{"0":"post-4328","1":"product","2":"type-product","3":"status-publish","4":"has-post-thumbnail","6":"product_cat-arneses-seguridad-cat","7":"product_cat-arneses-street-racing-cat","8":"product_tag-arnes","9":"product_tag-street-racing","10":"pa_tipo-de-diseno-de-arnes-arnes-4-puntos","12":"first","13":"instock","14":"taxable","15":"shipping-taxable","16":"purchasable","17":"product-type-simple"},"_links":{"self":[{"href":"https:\/\/gsbelts.com\/es\/wp-json\/wp\/v2\/product\/4328","targetHints":{"allow":["GET"]}}],"collection":[{"href":"https:\/\/gsbelts.com\/es\/wp-json\/wp\/v2\/product"}],"about":[{"href":"https:\/\/gsbelts.com\/es\/wp-json\/wp\/v2\/types\/product"}],"replies":[{"embeddable":true,"href":"https:\/\/gsbelts.com\/es\/wp-json\/wp\/v2\/comments?post=4328"}],"wp:featuredmedia":[{"embeddable":true,"href":"https:\/\/gsbelts.com\/es\/wp-json\/wp\/v2\/media\/4334"}],"wp:attachment":[{"href":"https:\/\/gsbelts.com\/es\/wp-json\/wp\/v2\/media?parent=4328"}],"wp:term":[{"taxonomy":"product_brand","embeddable":true,"href":"https:\/\/gsbelts.com\/es\/wp-json\/wp\/v2\/product_brand?post=4328"},{"taxonomy":"product_cat","embeddable":true,"href":"https:\/\/gsbelts.com\/es\/wp-json\/wp\/v2\/product_cat?post=4328"},{"taxonomy":"product_tag","embeddable":true,"href":"https:\/\/gsbelts.com\/es\/wp-json\/wp\/v2\/product_tag?post=4328"}],"curies":[{"name":"wp","href":"https:\/\/api.w.org\/{rel}","templated":true}]}}