{"id":4316,"date":"2025-02-10T09:32:50","date_gmt":"2025-02-10T08:32:50","guid":{"rendered":"https:\/\/gsbelts.com\/product\/fia-harness-50a0-430-a-standard-tongue\/"},"modified":"2026-04-22T09:14:17","modified_gmt":"2026-04-22T07:14:17","slug":"arnes-fia-430-gsb","status":"publish","type":"product","link":"https:\/\/gsbelts.com\/es\/arnes-fia-430-gsb\/","title":{"rendered":"ARN\u00c9S FIA 430 GSB"},"content":{"rendered":"<p><strong>Especificaciones del producto:<\/strong><\/p>\n<p><strong>Categor\u00eda:<\/strong> Arn\u00e9s para carreras de rally\/GT\/salones<\/p>\n<p><strong>Anclaje:<\/strong><\/p>\n<ul>\n<li>Sistema de anclaje de 6 puntos<\/li>\n<li>Opciones de montaje con jaula antivuelco o a presi\u00f3n<\/li>\n<\/ul>\n<p><strong>Caracter\u00edsticas:<\/strong><\/p>\n<ul>\n<li>Cintur\u00f3n de arn\u00e9s de 6 puntos dise\u00f1ado para una seguridad y comodidad \u00f3ptimas<\/li>\n<li>El ajuste hacia abajo tipo paraca\u00eddas garantiza un ajuste seguro y facilidad de uso<\/li>\n<li>Ancho de cincha espec\u00edfico de 2 pulgadas<\/li>\n<li>Hebilla met\u00e1lica de alta calidad para una mayor durabilidad<\/li>\n<li>Elegantes ajustadores met\u00e1licos negros para un ajuste r\u00e1pido y preciso<\/li>\n<li>Montaje vers\u00e1til: ganchos a presi\u00f3n incluidos o fijaci\u00f3n directa a la jaula antivuelco (accesorios extra\u00edbles)<\/li>\n<\/ul>\n<p><strong>Aplicaciones recomendadas para deportes de motor:<\/strong><\/p>\n<ul>\n<li>Carreras<\/li>\n<li>Todoterreno<\/li>\n<\/ul>\n<p><strong>Tipo:<\/strong><\/p>\n<ul>\n<li>Arn\u00e9s FIA para deportes de motor<\/li>\n<\/ul>\n<p><strong>Personalizaci\u00f3n:<\/strong> Para opciones personalizadas o configuraciones especializadas, comun\u00edquese con nosotros directamente a info@gsbelts.com.<\/p>\n<p><strong>Documentos:<\/strong><\/p>\n<p><span style=\"color: #e01919;\"><a style=\"color: #e01919;\" title=\"Flyer FIA Harnesses\" href=\"http:\/\/gsbelts.com\/wp-content\/uploads\/2025\/11\/FLYER-FIA-HARNESSES.pdf\">Flyer FIA Harnesses.pdf<\/a><\/span><\/p>\n<p><span style=\"color: #e42020;\"><a style=\"color: #e42020;\" href=\"http:\/\/gsbelts.com\/wp-content\/uploads\/2025\/11\/Installation-and-Operating-Instructions-for-Racing-Harnesses.pdf\">Installation and Operating Instructions for Racing Harnesses.pdf<\/a><\/span><\/p>\n<p><span style=\"color: #e42020;\"><a style=\"color: #e42020;\" href=\"https:\/\/gsbelts.com\/wp-content\/uploads\/2025\/12\/Catalogo-A4-arnes-530.pdf\">Custom Harness Catalogue 530 Model.pdf<\/a><\/span><\/p>\n<p><a href=\"http:\/\/gsbelts.com\/wp-content\/uploads\/2025\/02\/1287564-scaled.webp\"><img decoding=\"async\" class=\"lazyload wp-image-8413 alignleft\" src=\"http:\/\/gsbelts.com\/wp-content\/uploads\/2025\/02\/1287564-scaled.webp\" data-orig-src=\"http:\/\/gsbelts.com\/wp-content\/uploads\/2025\/02\/1287564-scaled.webp\" alt=\"\" width=\"329\" height=\"263\" title=\"\" srcset=\"data:image\/svg+xml,%3Csvg%20xmlns%3D%27http%3A%2F%2Fwww.w3.org%2F2000%2Fsvg%27%20width%3D%27329%27%20height%3D%27263%27%20viewBox%3D%270%200%20329%20263%27%3E%3Crect%20width%3D%27329%27%20height%3D%27263%27%20fill-opacity%3D%220%22%2F%3E%3C%2Fsvg%3E\" data-srcset=\"https:\/\/gsbelts.com\/wp-content\/uploads\/2025\/02\/1287564-177x142.webp 177w, https:\/\/gsbelts.com\/wp-content\/uploads\/2025\/02\/1287564-200x160.webp 200w, https:\/\/gsbelts.com\/wp-content\/uploads\/2025\/02\/1287564-300x240.webp 300w, https:\/\/gsbelts.com\/wp-content\/uploads\/2025\/02\/1287564-400x320.webp 400w, https:\/\/gsbelts.com\/wp-content\/uploads\/2025\/02\/1287564-scaled-500x400.webp 500w, https:\/\/gsbelts.com\/wp-content\/uploads\/2025\/02\/1287564-600x480.webp 600w, https:\/\/gsbelts.com\/wp-content\/uploads\/2025\/02\/1287564-scaled-700x560.webp 700w, https:\/\/gsbelts.com\/wp-content\/uploads\/2025\/02\/1287564-768x614.webp 768w, https:\/\/gsbelts.com\/wp-content\/uploads\/2025\/02\/1287564-800x640.webp 800w, https:\/\/gsbelts.com\/wp-content\/uploads\/2025\/02\/1287564-1024x819.webp 1024w, https:\/\/gsbelts.com\/wp-content\/uploads\/2025\/02\/1287564-1200x960.webp 1200w, https:\/\/gsbelts.com\/wp-content\/uploads\/2025\/02\/1287564-1536x1229.webp 1536w, https:\/\/gsbelts.com\/wp-content\/uploads\/2025\/02\/1287564-scaled.webp 2560w\" data-sizes=\"auto\" data-orig-sizes=\"(max-width: 329px) 100vw, 329px\" \/><\/a><a href=\"http:\/\/gsbelts.com\/wp-content\/uploads\/2025\/02\/Proyecto-sin-titulo-5-scaled.webp\"><img decoding=\"async\" class=\"lazyload wp-image-8415 alignleft\" src=\"http:\/\/gsbelts.com\/wp-content\/uploads\/2025\/02\/Proyecto-sin-titulo-5-scaled.webp\" data-orig-src=\"http:\/\/gsbelts.com\/wp-content\/uploads\/2025\/02\/Proyecto-sin-titulo-5-scaled.webp\" alt=\"\" width=\"327\" height=\"262\" title=\"\" srcset=\"data:image\/svg+xml,%3Csvg%20xmlns%3D%27http%3A%2F%2Fwww.w3.org%2F2000%2Fsvg%27%20width%3D%27327%27%20height%3D%27262%27%20viewBox%3D%270%200%20327%20262%27%3E%3Crect%20width%3D%27327%27%20height%3D%27262%27%20fill-opacity%3D%220%22%2F%3E%3C%2Fsvg%3E\" data-srcset=\"https:\/\/gsbelts.com\/wp-content\/uploads\/2025\/02\/Proyecto-sin-titulo-5-177x142.webp 177w, https:\/\/gsbelts.com\/wp-content\/uploads\/2025\/02\/Proyecto-sin-titulo-5-200x160.webp 200w, https:\/\/gsbelts.com\/wp-content\/uploads\/2025\/02\/Proyecto-sin-titulo-5-300x240.webp 300w, https:\/\/gsbelts.com\/wp-content\/uploads\/2025\/02\/Proyecto-sin-titulo-5-400x320.webp 400w, https:\/\/gsbelts.com\/wp-content\/uploads\/2025\/02\/Proyecto-sin-titulo-5-scaled-500x400.webp 500w, https:\/\/gsbelts.com\/wp-content\/uploads\/2025\/02\/Proyecto-sin-titulo-5-600x480.webp 600w, https:\/\/gsbelts.com\/wp-content\/uploads\/2025\/02\/Proyecto-sin-titulo-5-scaled-700x560.webp 700w, https:\/\/gsbelts.com\/wp-content\/uploads\/2025\/02\/Proyecto-sin-titulo-5-768x614.webp 768w, https:\/\/gsbelts.com\/wp-content\/uploads\/2025\/02\/Proyecto-sin-titulo-5-800x640.webp 800w, https:\/\/gsbelts.com\/wp-content\/uploads\/2025\/02\/Proyecto-sin-titulo-5-1024x819.webp 1024w, https:\/\/gsbelts.com\/wp-content\/uploads\/2025\/02\/Proyecto-sin-titulo-5-1200x960.webp 1200w, https:\/\/gsbelts.com\/wp-content\/uploads\/2025\/02\/Proyecto-sin-titulo-5-1536x1229.webp 1536w, https:\/\/gsbelts.com\/wp-content\/uploads\/2025\/02\/Proyecto-sin-titulo-5-scaled.webp 2560w\" data-sizes=\"auto\" data-orig-sizes=\"(max-width: 327px) 100vw, 327px\" \/><\/a><a href=\"http:\/\/gsbelts.com\/wp-content\/uploads\/2025\/02\/865164-scaled.webp\"><img decoding=\"async\" class=\"lazyload wp-image-8417 alignleft\" src=\"http:\/\/gsbelts.com\/wp-content\/uploads\/2025\/02\/865164-scaled.webp\" data-orig-src=\"http:\/\/gsbelts.com\/wp-content\/uploads\/2025\/02\/865164-scaled.webp\" alt=\"\" width=\"323\" height=\"259\" title=\"\" srcset=\"data:image\/svg+xml,%3Csvg%20xmlns%3D%27http%3A%2F%2Fwww.w3.org%2F2000%2Fsvg%27%20width%3D%27323%27%20height%3D%27259%27%20viewBox%3D%270%200%20323%20259%27%3E%3Crect%20width%3D%27323%27%20height%3D%27259%27%20fill-opacity%3D%220%22%2F%3E%3C%2Fsvg%3E\" data-srcset=\"https:\/\/gsbelts.com\/wp-content\/uploads\/2025\/02\/865164-177x142.webp 177w, https:\/\/gsbelts.com\/wp-content\/uploads\/2025\/02\/865164-200x160.webp 200w, https:\/\/gsbelts.com\/wp-content\/uploads\/2025\/02\/865164-300x240.webp 300w, https:\/\/gsbelts.com\/wp-content\/uploads\/2025\/02\/865164-400x320.webp 400w, https:\/\/gsbelts.com\/wp-content\/uploads\/2025\/02\/865164-scaled-500x400.webp 500w, https:\/\/gsbelts.com\/wp-content\/uploads\/2025\/02\/865164-600x480.webp 600w, https:\/\/gsbelts.com\/wp-content\/uploads\/2025\/02\/865164-scaled-700x560.webp 700w, https:\/\/gsbelts.com\/wp-content\/uploads\/2025\/02\/865164-768x614.webp 768w, https:\/\/gsbelts.com\/wp-content\/uploads\/2025\/02\/865164-800x640.webp 800w, https:\/\/gsbelts.com\/wp-content\/uploads\/2025\/02\/865164-1024x819.webp 1024w, https:\/\/gsbelts.com\/wp-content\/uploads\/2025\/02\/865164-1200x960.webp 1200w, https:\/\/gsbelts.com\/wp-content\/uploads\/2025\/02\/865164-1536x1229.webp 1536w, https:\/\/gsbelts.com\/wp-content\/uploads\/2025\/02\/865164-scaled.webp 2560w\" data-sizes=\"auto\" data-orig-sizes=\"(max-width: 323px) 100vw, 323px\" \/><\/a><\/p>\n","protected":false},"excerpt":{"rendered":"<p>Dise\u00f1ado para <strong>Rally, GT y turismos<\/strong>, este<strong> arn\u00e9s FIA de 6 puntos<\/strong> ofrece m\u00e1xima seguridad y comodidad. Cuenta con <strong>cintas de 5 cm (2 pulgadas)<\/strong>, <strong>ajuste tipo paraca\u00eddas<\/strong> y <strong>ajustadores met\u00e1licos negros<\/strong> para un ajuste r\u00e1pido y preciso.<\/p>\n<p>El sistema incluye <strong>ganchos de presi\u00f3n<\/strong> para un montaje vers\u00e1til o <strong>fijaci\u00f3n directa a la jaula antivuelco<\/strong> para configuraciones profesionales. Fabricado con una <strong>hebilla met\u00e1lica de alta calidad<\/strong> y accesorios desmontables, garantiza resistencia, fiabilidad y f\u00e1cil personalizaci\u00f3n.<\/p>\n<p><a href=\"https:\/\/gsbelts.com\/wp-content\/uploads\/2025\/02\/logo-FIA-web.webp\"><img decoding=\"async\" class=\"wp-image-8820 size-medium alignleft\" src=\"https:\/\/gsbelts.com\/wp-content\/uploads\/2025\/02\/logo-FIA-web-300x116.webp\" alt=\"\" width=\"300\" height=\"116\" srcset=\"https:\/\/gsbelts.com\/wp-content\/uploads\/2025\/02\/logo-FIA-web-200x78.webp 200w, https:\/\/gsbelts.com\/wp-content\/uploads\/2025\/02\/logo-FIA-web-300x116.webp 300w, https:\/\/gsbelts.com\/wp-content\/uploads\/2025\/02\/logo-FIA-web-400x155.webp 400w, https:\/\/gsbelts.com\/wp-content\/uploads\/2025\/02\/logo-FIA-web-500x194.webp 500w, https:\/\/gsbelts.com\/wp-content\/uploads\/2025\/02\/logo-FIA-web-600x233.webp 600w, https:\/\/gsbelts.com\/wp-content\/uploads\/2025\/02\/logo-FIA-web-700x271.webp 700w, https:\/\/gsbelts.com\/wp-content\/uploads\/2025\/02\/logo-FIA-web-768x298.webp 768w, https:\/\/gsbelts.com\/wp-content\/uploads\/2025\/02\/logo-FIA-web-800x310.webp 800w, https:\/\/gsbelts.com\/wp-content\/uploads\/2025\/02\/logo-FIA-web-1024x397.webp 1024w, https:\/\/gsbelts.com\/wp-content\/uploads\/2025\/02\/logo-FIA-web-1200x465.webp 1200w, https:\/\/gsbelts.com\/wp-content\/uploads\/2025\/02\/logo-FIA-web-1536x596.webp 1536w, https:\/\/gsbelts.com\/wp-content\/uploads\/2025\/02\/logo-FIA-web.webp 1898w\" sizes=\"(max-width: 300px) 100vw, 300px\" \/><\/a><\/p>\n<p>&nbsp;<\/p>\n","protected":false},"featured_media":4157,"comment_status":"open","ping_status":"closed","template":"","meta":[],"product_brand":[],"product_cat":[281,282],"product_tag":[143,111],"class_list":{"0":"post-4316","1":"product","2":"type-product","3":"status-publish","4":"has-post-thumbnail","6":"product_cat-arneses-seguridad-cat","7":"product_cat-arneses-fia-cat","8":"product_tag-arnes","9":"product_tag-fia","10":"pa_color-cinta-azul","11":"pa_color-cinta-negro","12":"pa_color-cinta-rojo","13":"pa_color-costura-azul","14":"pa_color-costura-negro","15":"pa_color-costura-rojo","16":"pa_color-tiras-azul","17":"pa_color-tiras-negro","18":"pa_color-tiras-rojo","19":"pa_tipo-de-diseno-de-arnes-arnes-6-puntos","21":"first","22":"instock","23":"taxable","24":"shipping-taxable","25":"purchasable","26":"product-type-variable","27":"has-default-attributes"},"_links":{"self":[{"href":"https:\/\/gsbelts.com\/es\/wp-json\/wp\/v2\/product\/4316","targetHints":{"allow":["GET"]}}],"collection":[{"href":"https:\/\/gsbelts.com\/es\/wp-json\/wp\/v2\/product"}],"about":[{"href":"https:\/\/gsbelts.com\/es\/wp-json\/wp\/v2\/types\/product"}],"replies":[{"embeddable":true,"href":"https:\/\/gsbelts.com\/es\/wp-json\/wp\/v2\/comments?post=4316"}],"wp:featuredmedia":[{"embeddable":true,"href":"https:\/\/gsbelts.com\/es\/wp-json\/wp\/v2\/media\/4157"}],"wp:attachment":[{"href":"https:\/\/gsbelts.com\/es\/wp-json\/wp\/v2\/media?parent=4316"}],"wp:term":[{"taxonomy":"product_brand","embeddable":true,"href":"https:\/\/gsbelts.com\/es\/wp-json\/wp\/v2\/product_brand?post=4316"},{"taxonomy":"product_cat","embeddable":true,"href":"https:\/\/gsbelts.com\/es\/wp-json\/wp\/v2\/product_cat?post=4316"},{"taxonomy":"product_tag","embeddable":true,"href":"https:\/\/gsbelts.com\/es\/wp-json\/wp\/v2\/product_tag?post=4316"}],"curies":[{"name":"wp","href":"https:\/\/api.w.org\/{rel}","templated":true}]}}