{"id":4193,"date":"2025-02-07T09:27:15","date_gmt":"2025-02-07T08:27:15","guid":{"rendered":"https:\/\/gsbelts.com\/product\/gaming-harness-50a0-430-ga-standard-tongue\/"},"modified":"2026-04-22T09:15:16","modified_gmt":"2026-04-22T07:15:16","slug":"arnes-simracing-430-ag-gsb","status":"publish","type":"product","link":"https:\/\/gsbelts.com\/es\/arnes-simracing-430-ag-gsb\/","title":{"rendered":"ARN\u00c9S SIMRACING 430.AG GSB"},"content":{"rendered":"<p><strong>Especificaciones del producto:<\/strong><\/p>\n<p><strong>Categor\u00eda:<\/strong> Arn\u00e9s para simulaci\u00f3n de carreras<\/p>\n<p><strong>Anclaje:<\/strong><\/p>\n<ul>\n<li>Sistema de anclaje de 6 puntos<\/li>\n<li>Compatible con montaje a presi\u00f3n o en jaula antivuelco<\/li>\n<\/ul>\n<p><strong>Caracter\u00edsticas:<\/strong><\/p>\n<ul>\n<li>Cintur\u00f3n de arn\u00e9s realista de 6 puntos dise\u00f1ado espec\u00edficamente para configuraciones de simulaci\u00f3n de carreras<\/li>\n<li>Ajuste desplegable estilo paraca\u00eddas que proporciona una experiencia de carrera aut\u00e9ntica<\/li>\n<li>Ancho de cincha espec\u00edfico de 2 pulgadas para mayor comodidad y realismo<\/li>\n<li>Hebilla de aluminio liviana para mayor facilidad de uso y autenticidad<\/li>\n<li>Elegantes ajustadores de aluminio negro que garantizan ajustes r\u00e1pidos y un ajuste seguro<\/li>\n<li>Instalaci\u00f3n flexible: incluye ganchos a presi\u00f3n o opciones de fijaci\u00f3n en jaula antivuelco (accesorios extra\u00edbles)<\/li>\n<\/ul>\n<p><strong>Aplicaciones recomendadas:<\/strong><\/p>\n<ul>\n<li>SimRacing<\/li>\n<li>Experiencias de deportes de motor virtuales<\/li>\n<\/ul>\n<p><strong>Tipo:<\/strong><\/p>\n<ul>\n<li>Cinturones de arn\u00e9s para simulaci\u00f3n de carreras<\/li>\n<\/ul>\n<p><strong>Personalizaci\u00f3n:<\/strong> Para configuraciones personalizadas o configuraciones personalizadas, comun\u00edquese con nosotros a info@gsbelts.com.<\/p>\n","protected":false},"excerpt":{"rendered":"<p>Mejora tu simulador de carreras con un <strong>arn\u00e9s simracing multipunto realista<\/strong>, dise\u00f1ado para mantenerte firmemente plantado durante sesiones intensas. Dise\u00f1ado para ofrecer comodidad y durabilidad, mejora la inmersi\u00f3n y la estabilidad sin restringir el movimiento, perfecto para pilotos de simulaci\u00f3n que buscan una sensaci\u00f3n de cabina m\u00e1s aut\u00e9ntica.<\/p>\n","protected":false},"featured_media":4113,"comment_status":"open","ping_status":"closed","template":"","meta":[],"product_brand":[],"product_cat":[281,134],"product_tag":[143,139],"class_list":{"0":"post-4193","1":"product","2":"type-product","3":"status-publish","4":"has-post-thumbnail","6":"product_cat-arneses-seguridad-cat","7":"product_cat-arneses-simracing-cat","8":"product_tag-arnes","9":"product_tag-simracing","10":"pa_color-cinta-azul","11":"pa_color-cinta-negro","12":"pa_color-cinta-rojo","13":"pa_color-costura-azul","14":"pa_color-costura-negro","15":"pa_color-costura-rojo","16":"pa_color-tiras-azul","17":"pa_color-tiras-negro","18":"pa_color-tiras-rojo","19":"pa_tipo-de-diseno-de-arnes-arnes-6-puntos","21":"first","22":"instock","23":"taxable","24":"shipping-taxable","25":"purchasable","26":"product-type-variable","27":"has-default-attributes"},"_links":{"self":[{"href":"https:\/\/gsbelts.com\/es\/wp-json\/wp\/v2\/product\/4193","targetHints":{"allow":["GET"]}}],"collection":[{"href":"https:\/\/gsbelts.com\/es\/wp-json\/wp\/v2\/product"}],"about":[{"href":"https:\/\/gsbelts.com\/es\/wp-json\/wp\/v2\/types\/product"}],"replies":[{"embeddable":true,"href":"https:\/\/gsbelts.com\/es\/wp-json\/wp\/v2\/comments?post=4193"}],"wp:featuredmedia":[{"embeddable":true,"href":"https:\/\/gsbelts.com\/es\/wp-json\/wp\/v2\/media\/4113"}],"wp:attachment":[{"href":"https:\/\/gsbelts.com\/es\/wp-json\/wp\/v2\/media?parent=4193"}],"wp:term":[{"taxonomy":"product_brand","embeddable":true,"href":"https:\/\/gsbelts.com\/es\/wp-json\/wp\/v2\/product_brand?post=4193"},{"taxonomy":"product_cat","embeddable":true,"href":"https:\/\/gsbelts.com\/es\/wp-json\/wp\/v2\/product_cat?post=4193"},{"taxonomy":"product_tag","embeddable":true,"href":"https:\/\/gsbelts.com\/es\/wp-json\/wp\/v2\/product_tag?post=4193"}],"curies":[{"name":"wp","href":"https:\/\/api.w.org\/{rel}","templated":true}]}}